{"id":21,"date":"2019-03-19T14:08:04","date_gmt":"2019-03-19T13:08:04","guid":{"rendered":"http:\/\/asteniusadvokat.se\/?page_id=21"},"modified":"2022-09-23T15:58:34","modified_gmt":"2022-09-23T13:58:34","slug":"hestia-front","status":"publish","type":"page","link":"https:\/\/asteniusadvokat.se\/","title":{"rendered":""},"content":{"rendered":"\n<h2 style=\"text-align:left\" class=\"verksamhet-h2 wp-block-heading\">Verksamhet<\/h2>\n\n\n\n<div class=\"wp-block-image\"><figure class=\"alignright is-resized\"><img loading=\"lazy\" decoding=\"async\" src=\"https:\/\/asteniusadvokat.se\/wp-content\/uploads\/2019\/05\/ny-1024x566.jpg\" alt=\"\" class=\"wp-image-1519\" width=\"512\" height=\"283\" srcset=\"https:\/\/asteniusadvokat.se\/wp-content\/uploads\/2019\/05\/ny-1024x566.jpg 1024w, https:\/\/asteniusadvokat.se\/wp-content\/uploads\/2019\/05\/ny-300x166.jpg 300w, https:\/\/asteniusadvokat.se\/wp-content\/uploads\/2019\/05\/ny-768x424.jpg 768w\" sizes=\"auto, (max-width: 512px) 100vw, 512px\" \/><\/figure><\/div>\n\n\n\n<p style=\"font-size:17px;text-align:left\"><br>\u00c5stenius Advokatbyr\u00e5 \u00e4r en advokatverksamhet med specialisering inom kommersiell tvistl\u00f6sning och bitr\u00e4der klienter genom hela tvistkedjan. Detta kan innefatta allt fr\u00e5n inledande r\u00e4ttslig bed\u00f6mning, strategisk r\u00e5dgivning och bevakning av r\u00e4ttigheter, via domstol eller skiljef\u00f6rfarande, till verkst\u00e4llighet av dom.   <br><br> I advokatbyr\u00e5n finns omfattande erfarenhet av nationella och internationella tvister inom ett flertal olika branscher och r\u00e4ttsomr\u00e5den. Samt \u00e5tar sig uppdrag som skiljem\u00e4n.<br><\/p>\n","protected":false},"excerpt":{"rendered":"<p>Verksamhet \u00c5stenius Advokatbyr\u00e5 \u00e4r en advokatverksamhet med specialisering inom kommersiell tvistl\u00f6sning och bitr\u00e4der klienter genom hela tvistkedjan. Detta kan innefatta allt fr\u00e5n inledande r\u00e4ttslig bed\u00f6mning, strategisk r\u00e5dgivning och bevakning av r\u00e4ttigheter, via domstol eller skiljef\u00f6rfarande, till verkst\u00e4llighet av dom. I advokatbyr\u00e5n finns omfattande erfarenhet av nationella och internationella tvister inom ett flertal olika branscher och [&hellip;]<\/p>\n","protected":false},"author":1,"featured_media":0,"parent":0,"menu_order":0,"comment_status":"closed","ping_status":"closed","template":"page-templates\/left-sidebar.php","meta":{"footnotes":""},"class_list":["post-21","page","type-page","status-publish","hentry"],"_links":{"self":[{"href":"https:\/\/asteniusadvokat.se\/index.php?rest_route=\/wp\/v2\/pages\/21","targetHints":{"allow":["GET"]}}],"collection":[{"href":"https:\/\/asteniusadvokat.se\/index.php?rest_route=\/wp\/v2\/pages"}],"about":[{"href":"https:\/\/asteniusadvokat.se\/index.php?rest_route=\/wp\/v2\/types\/page"}],"author":[{"embeddable":true,"href":"https:\/\/asteniusadvokat.se\/index.php?rest_route=\/wp\/v2\/users\/1"}],"replies":[{"embeddable":true,"href":"https:\/\/asteniusadvokat.se\/index.php?rest_route=%2Fwp%2Fv2%2Fcomments&post=21"}],"version-history":[{"count":142,"href":"https:\/\/asteniusadvokat.se\/index.php?rest_route=\/wp\/v2\/pages\/21\/revisions"}],"predecessor-version":[{"id":2267,"href":"https:\/\/asteniusadvokat.se\/index.php?rest_route=\/wp\/v2\/pages\/21\/revisions\/2267"}],"wp:attachment":[{"href":"https:\/\/asteniusadvokat.se\/index.php?rest_route=%2Fwp%2Fv2%2Fmedia&parent=21"}],"curies":[{"name":"wp","href":"https:\/\/api.w.org\/{rel}","templated":true}]}}